{"id":9,"date":"2022-09-17T00:56:41","date_gmt":"2022-09-17T00:56:41","guid":{"rendered":"http:\/\/orchestra.ntuace.com\/?page_id=9"},"modified":"2024-06-12T22:39:35","modified_gmt":"2024-06-12T22:39:35","slug":"about-us","status":"publish","type":"page","link":"https:\/\/youth-orchestra.ntuace.com\/","title":{"rendered":"About Us  (\u95dc\u65bc\u6211\u5011)"},"content":{"rendered":"\n<ul class=\"wp-block-list\">\n<li><strong><a href=\"https:\/\/youth-orchestra.ntuace.com\/?page_id=85\">The Chamber Ensemble (\u5ba4\u5167\u6a02\u5718)<\/a><\/strong><\/li>\n\n\n\n<li><strong><a href=\"https:\/\/youth-orchestra.ntuace.com\/?page_id=88\" data-type=\"URL\" data-id=\"http:\/\/orchestra.ntuace.com\/?page_id=88\">Vision Statement (\u613f\u666f\u58f0\u660e)<\/a><\/strong><\/li>\n\n\n\n<li>Board of Directors<\/li>\n\n\n\n<li>Sponsors<\/li>\n<\/ul>\n\n\n\n<div style=\"height:100px\" aria-hidden=\"true\" class=\"wp-block-spacer\"><\/div>\n\n\n\n<div class=\"wp-block-columns is-layout-flex wp-container-core-columns-is-layout-d0b3c9c8 wp-block-columns-is-layout-flex\">\n<div class=\"wp-block-column is-layout-flow wp-block-column-is-layout-flow\">\n<p>The following two videos show the comparisons between the &#8220;Chamber Music Performance&#8221; and the &#8220;String Orchestra Performance&#8221; of J.S. Bach&#8217;s Violin Concerto in E-major.<\/p>\n\n\n\n<p>\u4ee5\u4e0b\u5169\u5f71\u7247\u662f &#8220;\u5df4\u54c8\u5c0f\u63d0\u7434E\u5927\u8abf\u5354\u594f\u66f2&#8221; \u7528\u300c\u5ba4\u5167\u6a02\u300d\u65b9\u5f0f\u8207\u300c\u5f26\u6a02\u5718\u300d\u65b9\u5f0f\u6f14\u594f\u7684\u6bd4\u8f03\u3002<\/p>\n<\/div>\n<\/div>\n\n\n\n<div style=\"height:27px\" aria-hidden=\"true\" class=\"wp-block-spacer\"><\/div>\n\n\n\n<div class=\"wp-block-jetpack-layout-grid column1-desktop-grid__span-6 column1-desktop-grid__row-1 column2-desktop-grid__span-5 column2-desktop-grid__start-8 column2-desktop-grid__row-1 column1-tablet-grid__span-4 column1-tablet-grid__row-1 column2-tablet-grid__span-4 column2-tablet-grid__start-5 column2-tablet-grid__row-1 column1-mobile-grid__span-4 column1-mobile-grid__row-1 column2-mobile-grid__span-4 column2-mobile-grid__row-2\">\n<div class=\"wp-block-jetpack-layout-grid-column wp-block-jetpack-layout-grid__padding-none\">\n<figure class=\"wp-block-image size-large\"><a href=\"https:\/\/www.bachvereniging.nl\/en\/bwv\/bwv-1042\/\"><img loading=\"lazy\" decoding=\"async\" width=\"1024\" height=\"534\" src=\"http:\/\/orchestra.ntuace.com\/wp-content\/uploads\/2022\/09\/Violin-Concerto-2-1024x534.png\" alt=\"Violin-Concerto-2\" class=\"wp-image-47\" srcset=\"https:\/\/youth-orchestra.ntuace.com\/wp-content\/uploads\/2022\/09\/Violin-Concerto-2-1024x534.png 1024w, https:\/\/youth-orchestra.ntuace.com\/wp-content\/uploads\/2022\/09\/Violin-Concerto-2-300x157.png 300w, https:\/\/youth-orchestra.ntuace.com\/wp-content\/uploads\/2022\/09\/Violin-Concerto-2-768x401.png 768w, https:\/\/youth-orchestra.ntuace.com\/wp-content\/uploads\/2022\/09\/Violin-Concerto-2.png 1359w\" sizes=\"auto, (max-width: 1024px) 100vw, 1024px\" \/><\/a><\/figure>\n<\/div>\n\n\n\n<div class=\"wp-block-jetpack-layout-grid-column wp-block-jetpack-layout-grid__padding-none\">\n<p>J.S. Bach &#8220;Violin Concerto No.2&#8221;<br>An example of &#8220;<strong>Chamber Ensemble Performance<\/strong>&#8221; by Neitherlands Bach Society (Violin Solo, Violin I, Violin II, Viola, Cello, Double Bass and Harpsichold).<\/p>\n<\/div>\n<\/div>\n\n\n\n<div style=\"height:31px\" aria-hidden=\"true\" class=\"wp-block-spacer\"><\/div>\n\n\n\n<div class=\"wp-block-jetpack-layout-grid column1-desktop-grid__span-6 column1-desktop-grid__row-1 column2-desktop-grid__span-5 column2-desktop-grid__start-8 column2-desktop-grid__row-1 column1-tablet-grid__span-4 column1-tablet-grid__row-1 column2-tablet-grid__span-4 column2-tablet-grid__start-5 column2-tablet-grid__row-1 column1-mobile-grid__span-4 column1-mobile-grid__row-1 column2-mobile-grid__span-4 column2-mobile-grid__row-2\">\n<div class=\"wp-block-jetpack-layout-grid-column wp-block-jetpack-layout-grid__padding-none\">\n<figure class=\"wp-block-embed is-type-video is-provider-youtube wp-block-embed-youtube wp-embed-aspect-16-9 wp-has-aspect-ratio\"><div class=\"wp-block-embed__wrapper\">\n<iframe loading=\"lazy\" title=\"J.S.BACH VIOLIN CONCERTO IN E MAJOR BWV 1042-ILYA KALER , Violin\" width=\"1440\" height=\"810\" src=\"https:\/\/www.youtube.com\/embed\/HOI7KapLzz4?feature=oembed\" frameborder=\"0\" allow=\"accelerometer; autoplay; clipboard-write; encrypted-media; gyroscope; picture-in-picture\" allowfullscreen><\/iframe>\n<\/div><\/figure>\n<\/div>\n\n\n\n<div class=\"wp-block-jetpack-layout-grid-column wp-block-jetpack-layout-grid__padding-none\">\n<p>J.S. Bach &#8220;Violin Concerto No.2&#8221;<br>An example of &#8220;<strong>String Orchestra Performance<\/strong>&#8221; by Teatro Col\u00f3n A Coru\u00f1a &#8220;Ciclo de Grandes Int\u00e9rpretes&#8221; with Solo Violin, 4 Violin I, 3 Violin II, 2 Viola, 2 Cello, Double Bass and Harpsichold.<\/p>\n<\/div>\n<\/div>\n","protected":false},"excerpt":{"rendered":"<p>The following two videos show the comparisons between the &#8220;Chamber Music Performance&#8221; and the &#8220;String Orchestra Performance&#8221; of J.S. Bach&#8217;s Violin Concerto in E-major. \u4ee5\u4e0b\u5169\u5f71\u7247\u662f &#8220;\u5df4\u54c8\u5c0f\u63d0\u7434E\u5927\u8abf\u5354\u594f\u66f2&#8221; \u7528\u300c\u5ba4\u5167\u6a02\u300d\u65b9\u5f0f\u8207\u300c\u5f26\u6a02\u5718\u300d\u65b9\u5f0f\u6f14\u594f\u7684\u6bd4\u8f03\u3002 J.S. Bach &#8220;Violin Concerto No.2&#8221;An example of &#8220;Chamber Ensemble Performance&#8221; by Neitherlands Bach Society (Violin Solo, Violin I, Violin II, Viola, Cello, Double Bass and Harpsichold). J.S. Bach&hellip; <a class=\"more-link\" href=\"https:\/\/youth-orchestra.ntuace.com\/\">Continue reading <span class=\"screen-reader-text\">About Us  (\u95dc\u65bc\u6211\u5011)<\/span><\/a><\/p>\n","protected":false},"author":1,"featured_media":120,"parent":0,"menu_order":0,"comment_status":"closed","ping_status":"closed","template":"","meta":{"footnotes":""},"class_list":["post-9","page","type-page","status-publish","has-post-thumbnail","hentry","entry"],"_links":{"self":[{"href":"https:\/\/youth-orchestra.ntuace.com\/index.php?rest_route=\/wp\/v2\/pages\/9","targetHints":{"allow":["GET"]}}],"collection":[{"href":"https:\/\/youth-orchestra.ntuace.com\/index.php?rest_route=\/wp\/v2\/pages"}],"about":[{"href":"https:\/\/youth-orchestra.ntuace.com\/index.php?rest_route=\/wp\/v2\/types\/page"}],"author":[{"embeddable":true,"href":"https:\/\/youth-orchestra.ntuace.com\/index.php?rest_route=\/wp\/v2\/users\/1"}],"replies":[{"embeddable":true,"href":"https:\/\/youth-orchestra.ntuace.com\/index.php?rest_route=%2Fwp%2Fv2%2Fcomments&post=9"}],"version-history":[{"count":18,"href":"https:\/\/youth-orchestra.ntuace.com\/index.php?rest_route=\/wp\/v2\/pages\/9\/revisions"}],"predecessor-version":[{"id":149,"href":"https:\/\/youth-orchestra.ntuace.com\/index.php?rest_route=\/wp\/v2\/pages\/9\/revisions\/149"}],"wp:featuredmedia":[{"embeddable":true,"href":"https:\/\/youth-orchestra.ntuace.com\/index.php?rest_route=\/wp\/v2\/media\/120"}],"wp:attachment":[{"href":"https:\/\/youth-orchestra.ntuace.com\/index.php?rest_route=%2Fwp%2Fv2%2Fmedia&parent=9"}],"curies":[{"name":"wp","href":"https:\/\/api.w.org\/{rel}","templated":true}]}}